{"id":2915,"date":"2023-03-27T13:36:50","date_gmt":"2023-03-27T13:36:50","guid":{"rendered":"https:\/\/kreomusica.com\/politica-de-privacitat\/"},"modified":"2024-11-04T10:32:23","modified_gmt":"2024-11-04T10:32:23","slug":"politica-de-privacitat","status":"publish","type":"page","link":"https:\/\/kreomusica.com\/ca\/politica-de-privacitat\/","title":{"rendered":"Pol\u00edtica de privacitat"},"content":{"rendered":"\n<h2 class=\"wp-block-heading\">Cookies<\/h2>\n\n<p>Quan accedeixis, tamb\u00e9 instal\u00b7larem diverses cookies per a guardar la teva informaci\u00f3 d&#8217;acc\u00e9s i les teves opcions de visualitzaci\u00f3 de pantalla. Les cookies d&#8217;acc\u00e9s duren dos dies, i les cookies d&#8217;opcions de pantalla duren un any. Si selecciones \u00abRec\u00f2rda&#8217;m\u00bb, el teu acc\u00e9s perdurar\u00e0 durant dues setmanes. Si surts del teu compte, les cookies d&#8217;acc\u00e9s s&#8217;eliminaran.   <\/p>\n\n<h2 class=\"wp-block-heading\">Contingut incrustat d&#8217;altres llocs web<\/h2>\n\n<p>Els articles d&#8217;aquest lloc poden incloure contingut incrustat (per exemple, v\u00eddeos, imatges, articles, etc.). El contingut incrustat d&#8217;altres webs es comporta exactament de la mateixa manera que si el visitant hagu\u00e9s visitat l&#8217;altra web. <\/p>\n\n<p>Aquestes webs poden recopilar dades sobre tu, utilitzar cookies, incrustar un seguiment addicional de tercers, i supervisar la teva interacci\u00f3 amb aquest contingut incrustat, incl\u00f2s el seguiment de la teva interacci\u00f3 amb el contingut incrustat si tens un compte i est\u00e0s connectat a aquesta web.<\/p>\n\n<h2 class=\"wp-block-heading\">Quins drets tens sobre les teves dades<\/h2>\n\n<p>Pots sol\u00b7licitar que eliminem qualsevol dada personal que tinguem sobre tu. Aix\u00f2 no inclou cap dada que estiguem obligats a conservar amb finalitats administratius, legals o de seguretat. <\/p>\n\n<h2 class=\"wp-block-heading\">La nostra informaci\u00f3 de contacte<\/h2>\n\n<p>Si t\u00e9 dubtes sobre la pol\u00edtica de privacitat de Kreom\u00fasica, les dades que li contenen o desitja exercir un dels seus drets de protecci\u00f3 de dades, no dubti a contactar amb nosaltres.<\/p>\n\n<p>Envi\u00ef&#8217;ns un correu electr\u00f2nic a: info@kreomusica.com<\/p>\n\n<p>Truqui&#8217;ns: +34670578645<\/p>\n\n<p>O escrigui&#8217;ns a: Direcci\u00f3 postal: C. C\u00f2rsega, 222. Principal 1\u00ba \u2013 208036. Barcelona. Espanya.   <\/p>\n","protected":false},"excerpt":{"rendered":"<p>Cookies Quan accedeixis, tamb\u00e9 instal\u00b7larem diverses cookies per a guardar la teva informaci\u00f3 d&#8217;acc\u00e9s i les teves opcions de visualitzaci\u00f3&#8230;<\/p>\n","protected":false},"author":1,"featured_media":0,"parent":0,"menu_order":0,"comment_status":"closed","ping_status":"closed","template":"","meta":{"footnotes":""},"class_list":["post-2915","page","type-page","status-publish"],"_links":{"self":[{"href":"https:\/\/kreomusica.com\/ca\/wp-json\/wp\/v2\/pages\/2915"}],"collection":[{"href":"https:\/\/kreomusica.com\/ca\/wp-json\/wp\/v2\/pages"}],"about":[{"href":"https:\/\/kreomusica.com\/ca\/wp-json\/wp\/v2\/types\/page"}],"author":[{"embeddable":true,"href":"https:\/\/kreomusica.com\/ca\/wp-json\/wp\/v2\/users\/1"}],"replies":[{"embeddable":true,"href":"https:\/\/kreomusica.com\/ca\/wp-json\/wp\/v2\/comments?post=2915"}],"version-history":[{"count":1,"href":"https:\/\/kreomusica.com\/ca\/wp-json\/wp\/v2\/pages\/2915\/revisions"}],"predecessor-version":[{"id":2916,"href":"https:\/\/kreomusica.com\/ca\/wp-json\/wp\/v2\/pages\/2915\/revisions\/2916"}],"wp:attachment":[{"href":"https:\/\/kreomusica.com\/ca\/wp-json\/wp\/v2\/media?parent=2915"}],"curies":[{"name":"wp","href":"https:\/\/api.w.org\/{rel}","templated":true}]}}