{"id":2728,"date":"2019-09-18T14:38:33","date_gmt":"2019-09-18T14:38:33","guid":{"rendered":"https:\/\/kreomusica.com\/qui-som\/"},"modified":"2024-09-20T10:51:18","modified_gmt":"2024-09-20T10:51:18","slug":"qui-som","status":"publish","type":"page","link":"https:\/\/kreomusica.com\/ca\/qui-som\/","title":{"rendered":"Qui som"},"content":{"rendered":"<div class=\"wpb-content-wrapper\"><p>[vc_row][vc_column]<div id=\"fullwidth-block-69f86c4132bcf\" class=\"fullwidth-block clearfix\"  style=\"background-color: #f4f6f7;\"><script type=\"text\/javascript\">if (typeof(gem_fix_fullwidth_position) == \"function\") { gem_fix_fullwidth_position(document.getElementById(\"fullwidth-block-69f86c4132bcf\")); }<\/script><div class=\"fullwidth-block-inner\"><div class=\"container\"><div class=\"gem-team row inline-row gem-team-style-5\" data-hover-colors=\"{&quot;image_border_color&quot;:&quot;#f4f6f7&quot;}\" > <div class=\"col-sm-6 col-xs-12 inline-column\"> <div id=\"post-2814\" class=\"team-person centered-box default-background post-2814 thegem_team_person type-thegem_team_person status-publish has-post-thumbnail\" ><div class=\"team-person-hover\"> <div class=\"team-person-image\"> <span><span class=\"image-hover\" > <picture> <img src=\"https:\/\/kreomusica.com\/wp-content\/uploads\/2020\/02\/xavi-garcia-kreo-thegem-person.jpg\" width=\"400\" height=\"400\" class=\"img-responsive\" alt=\"xavi-garcia-kreo\" \/> <\/picture> <\/span><\/span> <\/div> <div class=\"team-person-info\"> <div class=\"team-person-name title-h4\" >Xavier Garc\u00eda<\/div> <div class=\"team-person-description\"><p>Economista amb 15 anys d&#8217;experi\u00e8ncia en banca d&#8217;empreses internacional i 10 anys en el sector cultural. He estat durant 8 anys el responsable de m\u00e0rqueting i vendes de la Orquestra Simf\u00f2nica del Vall\u00e8s. Kreo en la m\u00fasica com la millor eina de transformaci\u00f3 social i el gaudi personal. <\/p>\n<\/div> <div class=\"team-person-email\"><a href=\"mailto:xaviergarcia@kreomusica.com\">xaviergarcia@kreomusica.com<\/a><\/div> <\/div> <\/div><a class=\"team-person-link\" href=\"#\" target=\"_self\"><\/a><\/div> <\/div> <div class=\"col-sm-6 col-xs-12 inline-column\"> <div id=\"post-2815\" class=\"team-person centered-box default-background post-2815 thegem_team_person type-thegem_team_person status-publish has-post-thumbnail\" ><div class=\"team-person-hover\"> <div class=\"team-person-image\"> <span><span class=\"image-hover\" > <picture> <img src=\"https:\/\/kreomusica.com\/wp-content\/uploads\/2019\/09\/bio_kreo_RubenGimeno_v2-thegem-person.jpg\" width=\"400\" height=\"400\" class=\"img-responsive\" alt=\"bio_kreo_RubenGimeno_v2\" \/> <\/picture> <\/span><\/span> <\/div> <div class=\"team-person-info\"> <div class=\"team-person-name title-h4\" >Rub\u00e9n Gimeno<\/div> <div class=\"team-person-description\"><p>Director d&#8217;Orquestra. Ha dirigit la major part d&#8217;orquestres espanyoles col\u00b7laborant amb artistes de la talla de Lang Lang, Midori, Violeta Urmana, Tomatito i Michel Camilo entre altres. Ha estat director Titular durant 7 anys de la Orquestra Simf\u00f2nica del Vall\u00e8s i compta amb una \u00e0mplia experi\u00e8ncia en el sector audiovisual. Kreo en la m\u00fasica com a companya inseparable i font d&#8217;inspiraci\u00f3. <\/p>\n<\/div> <div class=\"team-person-email\"><a href=\"mailto:rubengimeno@kreomusica.com\">rubengimeno@kreomusica.com<\/a><\/div> <\/div> <\/div><a class=\"team-person-link\" href=\"#\" target=\"_self\"><\/a><\/div> <\/div> <\/div><div class=\"clearboth\"><\/div><style>#thegem-divider-69f86c413c132 {margin-top: -42px !important;}<\/style><div id=\"thegem-divider-69f86c413c132\" class=\"gem-divider  \" style=\"\" ><\/div><\/div><\/div><\/div>[\/vc_column][\/vc_row]<\/p>\n<\/div>","protected":false},"excerpt":{"rendered":"<p>[vc_row][vc_column][\/vc_column][\/vc_row]<\/p>\n","protected":false},"author":1,"featured_media":0,"parent":0,"menu_order":0,"comment_status":"closed","ping_status":"closed","template":"","meta":{"footnotes":""},"class_list":["post-2728","page","type-page","status-publish"],"_links":{"self":[{"href":"https:\/\/kreomusica.com\/ca\/wp-json\/wp\/v2\/pages\/2728"}],"collection":[{"href":"https:\/\/kreomusica.com\/ca\/wp-json\/wp\/v2\/pages"}],"about":[{"href":"https:\/\/kreomusica.com\/ca\/wp-json\/wp\/v2\/types\/page"}],"author":[{"embeddable":true,"href":"https:\/\/kreomusica.com\/ca\/wp-json\/wp\/v2\/users\/1"}],"replies":[{"embeddable":true,"href":"https:\/\/kreomusica.com\/ca\/wp-json\/wp\/v2\/comments?post=2728"}],"version-history":[{"count":4,"href":"https:\/\/kreomusica.com\/ca\/wp-json\/wp\/v2\/pages\/2728\/revisions"}],"predecessor-version":[{"id":2833,"href":"https:\/\/kreomusica.com\/ca\/wp-json\/wp\/v2\/pages\/2728\/revisions\/2833"}],"wp:attachment":[{"href":"https:\/\/kreomusica.com\/ca\/wp-json\/wp\/v2\/media?parent=2728"}],"curies":[{"name":"wp","href":"https:\/\/api.w.org\/{rel}","templated":true}]}}