{"id":2685,"date":"2019-09-18T10:10:47","date_gmt":"2019-09-18T10:10:47","guid":{"rendered":"https:\/\/kreomusica.com\/projectes-i-serveis\/"},"modified":"2024-12-10T15:03:36","modified_gmt":"2024-12-10T15:03:36","slug":"proyectos-y-servicios","status":"publish","type":"page","link":"https:\/\/kreomusica.com\/ca\/proyectos-y-servicios\/","title":{"rendered":"Projectes i serveis"},"content":{"rendered":"<div class=\"wpb-content-wrapper\"><p>[vc_row el_class=&#8221;custom-portfolio&#8221;][vc_column]<style>.portfolio.portfolio-grid#style-afd77bf .portfolio-item:not(.size-item), .preloader#style-preloader-afd77bf .portfolio-item { padding: calc(42px\/2) !important; }.portfolio.portfolio-grid#style-afd77bf .portfolio-item.size-item { padding: 0 calc(42px\/2) !important; }.portfolio.portfolio-grid#style-afd77bf .portfolio-row, .preloader#style-preloader-afd77bf .skeleton-posts.portfolio-row { margin: calc(-42px\/2); }.portfolio.portfolio-grid#style-afd77bf.fullwidth-columns .portfolio-row { margin: calc(-42px\/2) 0; }.portfolio.portfolio-grid#style-afd77bf .fullwidth-block:not(.no-paddings) { padding-left: 42px; padding-right: 42px; }.portfolio.portfolio-grid#style-afd77bf .fullwidth-block .portfolio-row { padding-left: calc(42px\/2); padding-right: calc(42px\/2); }.portfolio.portfolio-grid#style-afd77bf .fullwidth-block .portfolio-top-panel { padding-left: 42px; padding-right: 42px; }.portfolio.portfolio-grid#style-afd77bf.fullwidth-columns .with-filter-sidebar .filter-sidebar { padding-left: 42px; }.portfolio.portfolio-grid#style-afd77bf .portfolio-item .caption .title span { letter-spacing: px !important; }.portfolio.portfolio-grid#style-afd77bf.hover-zoom-overlay .portfolio-item .image .overlay:before { background-color: rgba(227,48,0,0.64); }<\/style><style>.portfolio.portfolio-grid#style-afd77bf .portfolio-filters { text-align: center; }<\/style> <div class=\"portfolio-preloader-wrapper panel-sidebar-position-left\"> <div class=\"portfolio portfolio-grid extended-portfolio-grid no-padding portfolio-pagination-scroll portfolio-style-justified background-style-white title-style-light hover-zoom-overlay title-on-page hover-elements-size-default version-default caption-position-page loading-animation item-animation-move-up columns-2 columns-tablet-2 columns-mobile-1 disable-isotope next-page-preloading \" id=\"style-afd77bf\" data-style-uid=\"afd77bf\" data-portfolio-uid=\"grid_06471c2\" data-current-page=\"1\" data-per-page=\"8\" data-next-page=\"0\" data-pages-count=\"1\" data-hover=\"zoom-overlay\" data-portfolio-filter=\"[]\" data-portfolio-filter-attributes=\"null\" data-portfolio-filter-search=\"\"> <div class=\"portfolio-row-outer \"> <div class=\"portfolio-top-panel selected-only\"> <div class=\"portfolio-filter-item portfolio-selected-filters left\"> <div class=\"portfolio-selected-filter-item clear-filters\"> Clear Filters\t<\/div> <\/div> <\/div> <div class=\"row portfolio-row\"> <div class=\"portfolio-set clearfix\" data-max-row-height=\"380\"> <div class=\"portfolio-item artificia-ca col-xs-12 col-sm-6 col-md-6 item-animations-not-inited portfolio-item-template appearance-type-featured_image post-2683 thegem_pf_item type-thegem_pf_item status-publish has-post-thumbnail\" data-default-sort=\"0\" data-sort-date=\"1681644634\"> <div class=\"wrap clearfix\"> <div class=\"image post-2683 thegem_pf_item type-thegem_pf_item status-publish has-post-thumbnail\"> <div class=\"image-inner \"> <picture> <source srcset=\"https:\/\/kreomusica.com\/wp-content\/uploads\/2024\/11\/WhatsApp-Video-2024-09-24-at-11.32.35-0019-thegem-product-justified-square-xl.png 1x\" sizes=\"100vw\"> <img src=\"https:\/\/kreomusica.com\/wp-content\/uploads\/2024\/11\/WhatsApp-Video-2024-09-24-at-11.32.35-0019-thegem-product-justified-square-xl.png\" width=\"700\" height=\"478\" class=\"attachment-thegem-product-justified-square-xl\" alt=\"Artificia\" \/> <\/picture> <\/div> <div class=\"overlay \"> <div class=\"overlay-circle\"><\/div> <a href=\"https:\/\/kreomusica.com\/ca\/pf\/artificia\/\" target=\"_self\" class=\"portfolio-item-link self-link\" data-elementor-open-lightbox=\"no\"> <span class=\"screen-reader-text\">Artificia<\/span> <\/a> <div class=\"links-wrapper\"> <div class=\"links\"> <\/div> <\/div> <\/div> <\/div> <div class=\"caption post-2683 thegem_pf_item type-thegem_pf_item status-publish has-post-thumbnail\"> <div class=\"title\"> <span class=\" \"> Artificia <\/span> <\/div> <div class=\"caption-separator\"><\/div> <div class=\"subtitle\"> <span class=\"\"><p>Art i Intel\u00b7lig\u00e8ncia Artificial creativa.<\/p>\n<\/span> <\/div> <\/div> <\/div> <\/div> <div class=\"portfolio-item gravacio col-xs-12 col-sm-6 col-md-6 item-animations-not-inited portfolio-item-template appearance-type-featured_image post-2823 thegem_pf_item type-thegem_pf_item status-publish has-post-thumbnail\" data-default-sort=\"0\" data-sort-date=\"1568805990\"> <div class=\"wrap clearfix\"> <div class=\"image post-2823 thegem_pf_item type-thegem_pf_item status-publish has-post-thumbnail\"> <div class=\"image-inner \"> <picture> <source srcset=\"https:\/\/kreomusica.com\/wp-content\/uploads\/2024\/11\/Making-off-grabacion-audiovisual-720p_25fps_H264-128kbit_AAC-0074.png 1x\" sizes=\"100vw\"> <img src=\"https:\/\/kreomusica.com\/wp-content\/uploads\/2024\/11\/Making-off-grabacion-audiovisual-720p_25fps_H264-128kbit_AAC-0074.png\" width=\"700\" height=\"394\" class=\"attachment-thegem-product-justified-square-xl\" alt=\"Gravaci\u00f3 de m\u00fasica\" \/> <\/picture> <\/div> <div class=\"overlay \"> <div class=\"overlay-circle\"><\/div> <a href=\"https:\/\/kreomusica.com\/ca\/pf\/gravacio-de-musica\/\" target=\"_self\" class=\"portfolio-item-link self-link\" data-elementor-open-lightbox=\"no\"> <span class=\"screen-reader-text\">Gravaci\u00f3 de m\u00fasica<\/span> <\/a> <div class=\"links-wrapper\"> <div class=\"links\"> <\/div> <\/div> <\/div> <\/div> <div class=\"caption post-2823 thegem_pf_item type-thegem_pf_item status-publish has-post-thumbnail\"> <div class=\"title\"> <span class=\" \"> Gravaci\u00f3 de m\u00fasica <\/span> <\/div> <div class=\"caption-separator\"><\/div> <div class=\"subtitle\"> <span class=\"\"><p>Gravaci\u00f3 de m\u00fasica per al sector audiovisual.<\/p>\n<\/span> <\/div> <\/div> <\/div> <\/div> <div class=\"portfolio-item consultoria-ca col-xs-12 col-sm-6 col-md-6 item-animations-not-inited portfolio-item-template appearance-type-featured_image post-2819 thegem_pf_item type-thegem_pf_item status-publish has-post-thumbnail\" data-default-sort=\"1\" data-sort-date=\"1568806279\"> <div class=\"wrap clearfix\"> <div class=\"image post-2819 thegem_pf_item type-thegem_pf_item status-publish has-post-thumbnail\"> <div class=\"image-inner \"> <picture> <source srcset=\"https:\/\/kreomusica.com\/wp-content\/uploads\/2019\/09\/xavi-x-web.jpeg 1x\" sizes=\"100vw\"> <img src=\"https:\/\/kreomusica.com\/wp-content\/uploads\/2019\/09\/xavi-x-web.jpeg\" width=\"482\" height=\"497\" class=\"attachment-thegem-product-justified-square-xl\" alt=\"Consultoria\" \/> <\/picture> <\/div> <div class=\"overlay \"> <div class=\"overlay-circle\"><\/div> <a href=\"https:\/\/kreomusica.com\/ca\/pf\/consultoria\/\" target=\"_self\" class=\"portfolio-item-link self-link\" data-elementor-open-lightbox=\"no\"> <span class=\"screen-reader-text\">Consultoria<\/span> <\/a> <div class=\"links-wrapper\"> <div class=\"links\"> <\/div> <\/div> <\/div> <\/div> <div class=\"caption post-2819 thegem_pf_item type-thegem_pf_item status-publish has-post-thumbnail\"> <div class=\"title\"> <span class=\" \"> Consultoria <\/span> <\/div> <div class=\"caption-separator\"><\/div> <div class=\"subtitle\"> <span class=\"\"><p>Consultoria estrat\u00e8gica per empreses i institucions culturals<\/p>\n<\/span> <\/div> <\/div> <\/div> <\/div> <div class=\"portfolio-item produccio col-xs-12 col-sm-6 col-md-6 item-animations-not-inited portfolio-item-template appearance-type-featured_image post-2821 thegem_pf_item type-thegem_pf_item status-publish has-post-thumbnail\" data-default-sort=\"15\" data-sort-date=\"1568801112\"> <div class=\"wrap clearfix\"> <div class=\"image post-2821 thegem_pf_item type-thegem_pf_item status-publish has-post-thumbnail\"> <div class=\"image-inner \"> <picture> <source srcset=\"https:\/\/kreomusica.com\/wp-content\/uploads\/2024\/11\/MN-2021-12-17-Conciertos-\u2018Tributo-a-John-Williams-con-la-Orquesta-Sinfonica-del-Valles-y-Ruben-Gimeno-thegem-product-justified-square-xl.jpg 1x\" sizes=\"100vw\"> <img src=\"https:\/\/kreomusica.com\/wp-content\/uploads\/2024\/11\/MN-2021-12-17-Conciertos-\u2018Tributo-a-John-Williams-con-la-Orquesta-Sinfonica-del-Valles-y-Ruben-Gimeno-thegem-product-justified-square-xl.jpg\" width=\"700\" height=\"700\" class=\"attachment-thegem-product-justified-square-xl\" alt=\"Producci\u00f3 i distribuci\u00f3\" \/> <\/picture> <\/div> <div class=\"overlay \"> <div class=\"overlay-circle\"><\/div> <a href=\"https:\/\/kreomusica.com\/ca\/pf\/produccio-i-distribucio\/\" target=\"_self\" class=\"portfolio-item-link self-link\" data-elementor-open-lightbox=\"no\"> <span class=\"screen-reader-text\">Producci\u00f3 i distribuci\u00f3<\/span> <\/a> <div class=\"links-wrapper\"> <div class=\"links\"> <\/div> <\/div> <\/div> <\/div> <div class=\"caption post-2821 thegem_pf_item type-thegem_pf_item status-publish has-post-thumbnail\"> <div class=\"title\"> <span class=\" \"> Producci\u00f3 i distribuci\u00f3 <\/span> <\/div> <div class=\"caption-separator\"><\/div> <div class=\"subtitle\"> <span class=\"\"><p>Producci\u00f3 i distribuci\u00f3 d&#8217;espectacles musicals, esdeveniments i tallers per a empreses.<\/p>\n<\/span> <\/div> <\/div> <\/div> <\/div> <\/div><!-- .portflio-set --> <div class=\"portfolio-item-size-container\"> <div class=\"portfolio-item col-xs-12 col-sm-6 col-md-6 item-animations-not-inited portfolio-item-template appearance-type-featured_image post-2821 thegem_pf_item type-thegem_pf_item status-publish has-post-thumbnail\"> <\/div> <\/div> <\/div><!-- .row--> <\/div><!-- .full-width --> <\/div><!-- .portfolio--> <\/div><!-- .portfolio-preloader-wrapper-->[\/vc_column][vc_column css=&#8221;.vc_custom_1568802247593{margin-top: -200px !important;margin-left: -150px !important;}&#8221;][vc_column_text]<\/p>\n<div class=\"title-xlarge giant\" style=\"text-align: right;\"><span style=\"color: #f7f7f7;\">projectes<\/span><\/div>\n<p>[\/vc_column_text][\/vc_column][\/vc_row][vc_row full_width=&#8221;stretch_row_content_no_spaces&#8221; equal_height=&#8221;yes&#8221; content_placement=&#8221;top&#8221; css=&#8221;.vc_custom_1568802327240{margin-top: 0px !important;margin-bottom: 0px !important;padding-top: 100px !important;padding-bottom: 100px !important;}&#8221;][vc_column width=&#8221;1\/6&#8243; offset=&#8221;vc_hidden-md vc_hidden-sm vc_hidden-xs&#8221;][\/vc_column][vc_column width=&#8221;3\/4&#8243; disable_custom_paddings_tablet=&#8221;true&#8221; disable_custom_paddings_mobile=&#8221;true&#8221; css=&#8221;.vc_custom_1568802850812{padding-right: 80px !important;padding-left: 40px !important;}&#8221; offset=&#8221;vc_col-lg-7 vc_col-md-9 vc_hidden-xs&#8221;]<div class=\"clearboth\"><\/div><style>#thegem-divider-69f86c2655c53 {margin-top: -10px !important;}<\/style><div id=\"thegem-divider-69f86c2655c53\" class=\"gem-divider  \" style=\"\" ><\/div>[vc_column_text css_animation=&#8221;bottom-to-top&#8221; css=&#8221;.vc_custom_1681767149363{padding-left: 50px !important;}&#8221; el_class=&#8221;big-index&#8221;]<\/p>\n<div class=\"styled-subtitle\">Kreom\u00fasica promou, gestiona i produeix tot tipus de projectes culturals amb la m\u00fasica com a eix vertebrador i com a eina de transformaci\u00f3 social.<\/div>\n<p>[\/vc_column_text]<div class=\"clearboth\"><\/div><style>#thegem-divider-69f86c2655ca7 {margin-top: 50px !important;}<\/style><div id=\"thegem-divider-69f86c2655ca7\" class=\"gem-divider  \" style=\"\" ><\/div>[vc_column_text css_animation=&#8221;bottom-to-top&#8221; el_class=&#8221;small-index&#8221;]<\/p>\n<div class=\"title-xlarge giant\"><span style=\"color: #f0eeed;\">\u201d<\/span><\/div>\n<p>[\/vc_column_text][\/vc_column][vc_column width=&#8221;1\/4&#8243; css=&#8221;.vc_custom_1681769964206{background-image: url(https:\/\/kreomusica.com\/wp-content\/uploads\/2019\/09\/29-kreomusica.png?id=898) !important;background-position: 0 0 !important;background-repeat: no-repeat !important;}&#8221; offset=&#8221;vc_col-lg-3 vc_col-md-3 vc_hidden-xs&#8221;][\/vc_column][\/vc_row]<\/p>\n<\/div>","protected":false},"excerpt":{"rendered":"<p>[vc_row el_class=&#8221;custom-portfolio&#8221;][vc_column][\/vc_column][vc_column css=&#8221;.vc_custom_1568802247593{margin-top: -200px !important;margin-left: -150px !important;}&#8221;][vc_column_text] projectes [\/vc_column_text][\/vc_column][\/vc_row][vc_row full_width=&#8221;stretch_row_content_no_spaces&#8221; equal_height=&#8221;yes&#8221; content_placement=&#8221;top&#8221; css=&#8221;.vc_custom_1568802327240{margin-top: 0px !important;margin-bottom: 0px !important;padding-top: 100px !important;padding-bottom: 100px&#8230;<\/p>\n","protected":false},"author":1,"featured_media":0,"parent":0,"menu_order":0,"comment_status":"closed","ping_status":"closed","template":"","meta":{"footnotes":""},"class_list":["post-2685","page","type-page","status-publish"],"_links":{"self":[{"href":"https:\/\/kreomusica.com\/ca\/wp-json\/wp\/v2\/pages\/2685"}],"collection":[{"href":"https:\/\/kreomusica.com\/ca\/wp-json\/wp\/v2\/pages"}],"about":[{"href":"https:\/\/kreomusica.com\/ca\/wp-json\/wp\/v2\/types\/page"}],"author":[{"embeddable":true,"href":"https:\/\/kreomusica.com\/ca\/wp-json\/wp\/v2\/users\/1"}],"replies":[{"embeddable":true,"href":"https:\/\/kreomusica.com\/ca\/wp-json\/wp\/v2\/comments?post=2685"}],"version-history":[{"count":37,"href":"https:\/\/kreomusica.com\/ca\/wp-json\/wp\/v2\/pages\/2685\/revisions"}],"predecessor-version":[{"id":2857,"href":"https:\/\/kreomusica.com\/ca\/wp-json\/wp\/v2\/pages\/2685\/revisions\/2857"}],"wp:attachment":[{"href":"https:\/\/kreomusica.com\/ca\/wp-json\/wp\/v2\/media?parent=2685"}],"curies":[{"name":"wp","href":"https:\/\/api.w.org\/{rel}","templated":true}]}}